{"id":32,"date":"2017-07-27T19:14:54","date_gmt":"2017-07-27T19:14:54","guid":{"rendered":"http:\/\/nawszelkiwypadek.eu\/?page_id=32"},"modified":"2019-07-26T08:46:05","modified_gmt":"2019-07-26T08:46:05","slug":"porady-prawne","status":"publish","type":"page","link":"http:\/\/nawszelkiwypadek.eu\/?page_id=32","title":{"rendered":"Porady prawne"},"content":{"rendered":"<p><img decoding=\"async\" loading=\"lazy\" class=\"alignnone size-medium wp-image-386 aligncenter\" src=\"http:\/\/nawszelkiwypadek.eu\/wp-content\/uploads\/2018\/01\/j-zamora-267753-300x199.jpg\" alt=\"\" width=\"300\" height=\"199\" srcset=\"http:\/\/nawszelkiwypadek.eu\/wp-content\/uploads\/2018\/01\/j-zamora-267753-300x199.jpg 300w, http:\/\/nawszelkiwypadek.eu\/wp-content\/uploads\/2018\/01\/j-zamora-267753-768x510.jpg 768w, http:\/\/nawszelkiwypadek.eu\/wp-content\/uploads\/2018\/01\/j-zamora-267753-1024x680.jpg 1024w, http:\/\/nawszelkiwypadek.eu\/wp-content\/uploads\/2018\/01\/j-zamora-267753.jpg 1534w\" sizes=\"(max-width: 300px) 100vw, 300px\" \/><\/p>\n<p>Szukasz pomocy prawnej? Masz spraw\u0119, kt\u00f3ra wymaga rozwi\u0105zania ale boisz si\u0119 wysokich koszt\u00f3w?<\/p>\n<p>Skorzystaj z wiedzy i do\u015bwiadczenia naszych prawnik\u00f3w.<\/p>\n<p>Wystarczy, \u017ce opiszesz nam sw\u00f3j problem, a my w odpowiedzi dostarczymy kr\u00f3tkiej, bezp\u0142atnej konsultacji, w ramach kt\u00f3rej zaproponujemy jak mogliby\u015bmy pom\u00f3c. W swoim zespole posiadamy wy\u0142\u0105cznie prawnik\u00f3w o udowodnionych kwalifikacjach, kt\u00f3rzy dzi\u0119ki specjalizacji w r\u00f3\u017cnych dziedzinach prawa, s\u0105 w stanie kompleksowo rozwi\u0105za\u0107 dany problem.<\/p>\n<p>Wystarczy, \u017ce opiszesz czego dotyczy sprawa, jakiego rozwi\u0105zania oczekujesz\u00a0 i podasz nam swoje dane.<\/p>\n<p><a href=\"http:\/\/prawnik20.pl\/t5dKz2\" target=\"_blank\" rel=\"noopener\">Bezp\u0142atna porada prawna.<\/a><\/p>\n","protected":false},"excerpt":{"rendered":"<p>Szukasz pomocy prawnej? Masz spraw\u0119, kt\u00f3ra wymaga rozwi\u0105zania ale boisz si\u0119 wysokich koszt\u00f3w? Skorzystaj z wiedzy i do\u015bwiadczenia naszych prawnik\u00f3w. Wystarczy, \u017ce opiszesz nam sw\u00f3j problem, a my w odpowiedzi dostarczymy kr\u00f3tkiej, bezp\u0142atnej konsultacji, w ramach kt\u00f3rej zaproponujemy jak mogliby\u015bmy pom\u00f3c. W swoim zespole posiadamy wy\u0142\u0105cznie prawnik\u00f3w o udowodnionych kwalifikacjach, kt\u00f3rzy dzi\u0119ki specjalizacji w r\u00f3\u017cnych [&hellip;]<\/p>\n","protected":false},"author":1,"featured_media":0,"parent":0,"menu_order":0,"comment_status":"closed","ping_status":"closed","template":"","meta":[],"_links":{"self":[{"href":"http:\/\/nawszelkiwypadek.eu\/index.php?rest_route=\/wp\/v2\/pages\/32"}],"collection":[{"href":"http:\/\/nawszelkiwypadek.eu\/index.php?rest_route=\/wp\/v2\/pages"}],"about":[{"href":"http:\/\/nawszelkiwypadek.eu\/index.php?rest_route=\/wp\/v2\/types\/page"}],"author":[{"embeddable":true,"href":"http:\/\/nawszelkiwypadek.eu\/index.php?rest_route=\/wp\/v2\/users\/1"}],"replies":[{"embeddable":true,"href":"http:\/\/nawszelkiwypadek.eu\/index.php?rest_route=%2Fwp%2Fv2%2Fcomments&post=32"}],"version-history":[{"count":5,"href":"http:\/\/nawszelkiwypadek.eu\/index.php?rest_route=\/wp\/v2\/pages\/32\/revisions"}],"predecessor-version":[{"id":459,"href":"http:\/\/nawszelkiwypadek.eu\/index.php?rest_route=\/wp\/v2\/pages\/32\/revisions\/459"}],"wp:attachment":[{"href":"http:\/\/nawszelkiwypadek.eu\/index.php?rest_route=%2Fwp%2Fv2%2Fmedia&parent=32"}],"curies":[{"name":"wp","href":"https:\/\/api.w.org\/{rel}","templated":true}]}}