{"id":125,"date":"2017-11-20T14:27:11","date_gmt":"2017-11-20T14:27:11","guid":{"rendered":"http:\/\/nawszelkiwypadek.eu\/?page_id=125"},"modified":"2018-02-24T17:04:24","modified_gmt":"2018-02-24T17:04:24","slug":"inwestycje","status":"publish","type":"page","link":"https:\/\/nawszelkiwypadek.eu\/?page_id=125","title":{"rendered":"Inwestycje"},"content":{"rendered":"<p style=\"text-align: center;\"><img decoding=\"async\" loading=\"lazy\" class=\"alignnone size-medium wp-image-392\" src=\"http:\/\/nawszelkiwypadek.eu\/wp-content\/uploads\/2018\/02\/family-2073604_1280-300x225.png\" alt=\"\" width=\"300\" height=\"225\" srcset=\"https:\/\/nawszelkiwypadek.eu\/wp-content\/uploads\/2018\/02\/family-2073604_1280-300x225.png 300w, https:\/\/nawszelkiwypadek.eu\/wp-content\/uploads\/2018\/02\/family-2073604_1280-768x576.png 768w, https:\/\/nawszelkiwypadek.eu\/wp-content\/uploads\/2018\/02\/family-2073604_1280-1024x768.png 1024w, https:\/\/nawszelkiwypadek.eu\/wp-content\/uploads\/2018\/02\/family-2073604_1280.png 1280w\" sizes=\"(max-width: 300px) 100vw, 300px\" \/><\/p>\n<p>Ka\u017cdy z nas ma inny pomys\u0142 na \u017cycie i inne cele, do kt\u00f3rych d\u0105\u017cy. Aby zrealizowa\u0107 to wszystko co sobie za\u0142o\u017cyli\u015bmy potrzebny jest dobry plan. Ale r\u00f3wnie wa\u017cne s\u0105 \u015brodki finansowe, kt\u00f3re mog\u0105 by\u0107 niezb\u0119dne przy ich realizacji.<\/p>\n<p>Jest wiele opcji zabezpieczenia swojej przysz\u0142o\u015bci. R\u00f3\u017cni\u0105 si\u0119 pod wzgl\u0119dem czasu trwania, dost\u0119pno\u015bci do \u015brodk\u00f3w czy gwarancji wyp\u0142aty kapita\u0142u. \u0141\u0105czy je jedno &#8211; s\u0105 niezb\u0119dnym narz\u0119dziem w portfelu osoby chc\u0105cej by\u0107 niezale\u017cn\u0105 finansowo w jesieni \u017cycia.<\/p>\n<p>Nawet najmniejsza kwota inwestowana systematycznie przez odpowiedni czas mo\u017ce zapewni\u0107 realizacj\u0119 cel\u00f3w i marze\u0144.<\/p>\n<h4><strong>Ju\u017c teraz zadbaj o siebie i swoich bliskich.\u00a0 \u00a0 \u00a0 \u00a0 \u00a0 \u00a0 \u00a0 \u00a0 \u00a0 \u00a0 \u00a0 \u00a0 \u00a0 \u00a0 \u00a0 Um\u00f3wmy si\u0119 na spotkanie &#8211;\u00a0732 510 997.<\/strong><\/h4>\n<p>&nbsp;<\/p>\n<p>&nbsp;<\/p>\n","protected":false},"excerpt":{"rendered":"<p>Ka\u017cdy z nas ma inny pomys\u0142 na \u017cycie i inne cele, do kt\u00f3rych d\u0105\u017cy. Aby zrealizowa\u0107 to wszystko co sobie za\u0142o\u017cyli\u015bmy potrzebny jest dobry plan. Ale r\u00f3wnie wa\u017cne s\u0105 \u015brodki finansowe, kt\u00f3re mog\u0105 by\u0107 niezb\u0119dne przy ich realizacji. Jest wiele opcji zabezpieczenia swojej przysz\u0142o\u015bci. R\u00f3\u017cni\u0105 si\u0119 pod wzgl\u0119dem czasu trwania, dost\u0119pno\u015bci do \u015brodk\u00f3w czy gwarancji [&hellip;]<\/p>\n","protected":false},"author":1,"featured_media":0,"parent":0,"menu_order":0,"comment_status":"closed","ping_status":"closed","template":"","meta":[],"_links":{"self":[{"href":"https:\/\/nawszelkiwypadek.eu\/index.php?rest_route=\/wp\/v2\/pages\/125"}],"collection":[{"href":"https:\/\/nawszelkiwypadek.eu\/index.php?rest_route=\/wp\/v2\/pages"}],"about":[{"href":"https:\/\/nawszelkiwypadek.eu\/index.php?rest_route=\/wp\/v2\/types\/page"}],"author":[{"embeddable":true,"href":"https:\/\/nawszelkiwypadek.eu\/index.php?rest_route=\/wp\/v2\/users\/1"}],"replies":[{"embeddable":true,"href":"https:\/\/nawszelkiwypadek.eu\/index.php?rest_route=%2Fwp%2Fv2%2Fcomments&post=125"}],"version-history":[{"count":6,"href":"https:\/\/nawszelkiwypadek.eu\/index.php?rest_route=\/wp\/v2\/pages\/125\/revisions"}],"predecessor-version":[{"id":404,"href":"https:\/\/nawszelkiwypadek.eu\/index.php?rest_route=\/wp\/v2\/pages\/125\/revisions\/404"}],"wp:attachment":[{"href":"https:\/\/nawszelkiwypadek.eu\/index.php?rest_route=%2Fwp%2Fv2%2Fmedia&parent=125"}],"curies":[{"name":"wp","href":"https:\/\/api.w.org\/{rel}","templated":true}]}}