{"id":30,"date":"2017-07-27T19:14:40","date_gmt":"2017-07-27T19:14:40","guid":{"rendered":"http:\/\/nawszelkiwypadek.eu\/?page_id=30"},"modified":"2017-11-30T19:16:34","modified_gmt":"2017-11-30T19:16:34","slug":"odszkodowanie-z-oc","status":"publish","type":"page","link":"https:\/\/nawszelkiwypadek.eu\/?page_id=30","title":{"rendered":"Odszkodowanie z OC"},"content":{"rendered":"<h3><strong>Komu nale\u017cy si\u0119 odszkodowanie z OC sprawcy zdarzenia:<\/strong><\/h3>\n<h4><b>Osobie poszkodowanej, kt\u00f3ra nie jest bezpo\u015brednim sprawc\u0105 wypadku.\u00a0<\/b><\/h4>\n<ul>\n<li>kierowca, pasa\u017cer, pieszy, rowerzysta i inny uczestnik ruchu<\/li>\n<li>bez znaczenia czy sam by\u0142 ubezpieczony<\/li>\n<li>nawet przy braku wykrycia personali\u00f3w sprawcy<\/li>\n<li>pasa\u017cerom sprawcy zdarzenia<\/li>\n<\/ul>\n<h4><strong>Osobie, kt\u00f3ra straci\u0142a blisk\u0105 osob\u0119 w wypadku komunikacyjnym, a kt\u00f3ra nie by\u0142a sprawc\u0105 wypadku.\u00a0<\/strong><\/h4>\n<h4><strong>Osobie poszkodowanej w wypadku przy pracy, za kt\u00f3ry odpowiedzialno\u015b\u0107 ponosi pracodawca lub inny pracownik.<\/strong><\/h4>\n<h4><strong>Osobie\u00a0poszkodowanej w wypadku w rolnictwie.<\/strong><\/h4>\n<h4><strong>Pacjentom poszkodowanym w wyniku b\u0142\u0119du lekarskiego.<\/strong><\/h4>\n<h4><strong>Bliskim osoby poszkodowanej w wypadku w sytuacji gdy relacje mi\u0119dzy nimi zosta\u0142y zachwiane lub zerwane.\u00a0 \u00a0 \u00a0 \u00a0 \u00a0 \u00a0 \u00a0 \u00a0 \u00a0 \u00a0 \u00a0 \u00a0 \u00a0 \u00a0 \u00a0 \u00a0 \u00a0 \u00a0 \u00a0<\/strong><\/h4>\n<h5>(brak logicznego kontaktu, zaburzenia emocjonalne itp.)<\/h5>\n<h4><b>Dziecku, kt\u00f3re zosta\u0142o uznane za winne zaistnienia wypadku.\u00a0 \u00a0 \u00a0 \u00a0 <\/b><\/h4>\n<h5>(ma\u0142oletniemu do 13 roku \u017cycia, nawet w przypadku uznania jego winy, nale\u017cy si\u0119 odszkodowanie)<\/h5>\n<h4><strong>Do kiedy mo\u017cna wyst\u0105pi\u0107 z roszczeniami:<\/strong><\/h4>\n<p>\u2013 wypadki komunikacyjne po dniu 10.08.1997 r. gdy sprawca zosta\u0142 skazany\u00a0 \u00a0 \u00a0 \u00a0 \u00a0 \u00a0 \u00a0 \u00a0 \u00a0 \u00a0 \u00a0 \u00a0 \u00a0 \u00a0 \u00a0 \u00a0 prawomocnym wyrokiem s\u0105du karnego,<\/p>\n<p>\u2013\u00a0 do 3 lat wstecz gdy sprawca nie zosta\u0142 skazany przez s\u0105d karny.<\/p>\n<h4 style=\"text-align: left;\">Aby dowiedzie\u0107 si\u0119 wi\u0119cej wy\u015blij sms &#8222;pomoc&#8221; &#8211; 509 510 998\u00a0 lub mail na adres odszkodowanie@NaWszelkiWypadek.eu<\/h4>\n<p>&nbsp;<\/p>\n<p>&nbsp;<\/p>\n","protected":false},"excerpt":{"rendered":"<p>Komu nale\u017cy si\u0119 odszkodowanie z OC sprawcy zdarzenia: Osobie poszkodowanej, kt\u00f3ra nie jest bezpo\u015brednim sprawc\u0105 wypadku.\u00a0 kierowca, pasa\u017cer, pieszy, rowerzysta i inny uczestnik ruchu bez znaczenia czy sam by\u0142 ubezpieczony nawet przy braku wykrycia personali\u00f3w sprawcy pasa\u017cerom sprawcy zdarzenia Osobie, kt\u00f3ra straci\u0142a blisk\u0105 osob\u0119 w wypadku komunikacyjnym, a kt\u00f3ra nie by\u0142a sprawc\u0105 wypadku.\u00a0 Osobie poszkodowanej [&hellip;]<\/p>\n","protected":false},"author":1,"featured_media":0,"parent":0,"menu_order":0,"comment_status":"closed","ping_status":"closed","template":"","meta":[],"_links":{"self":[{"href":"https:\/\/nawszelkiwypadek.eu\/index.php?rest_route=\/wp\/v2\/pages\/30"}],"collection":[{"href":"https:\/\/nawszelkiwypadek.eu\/index.php?rest_route=\/wp\/v2\/pages"}],"about":[{"href":"https:\/\/nawszelkiwypadek.eu\/index.php?rest_route=\/wp\/v2\/types\/page"}],"author":[{"embeddable":true,"href":"https:\/\/nawszelkiwypadek.eu\/index.php?rest_route=\/wp\/v2\/users\/1"}],"replies":[{"embeddable":true,"href":"https:\/\/nawszelkiwypadek.eu\/index.php?rest_route=%2Fwp%2Fv2%2Fcomments&post=30"}],"version-history":[{"count":37,"href":"https:\/\/nawszelkiwypadek.eu\/index.php?rest_route=\/wp\/v2\/pages\/30\/revisions"}],"predecessor-version":[{"id":332,"href":"https:\/\/nawszelkiwypadek.eu\/index.php?rest_route=\/wp\/v2\/pages\/30\/revisions\/332"}],"wp:attachment":[{"href":"https:\/\/nawszelkiwypadek.eu\/index.php?rest_route=%2Fwp%2Fv2%2Fmedia&parent=30"}],"curies":[{"name":"wp","href":"https:\/\/api.w.org\/{rel}","templated":true}]}}