{"id":67,"date":"2017-07-27T19:20:11","date_gmt":"2017-07-27T19:20:11","guid":{"rendered":"http:\/\/nawszelkiwypadek.eu\/?page_id=67"},"modified":"2018-02-24T17:05:07","modified_gmt":"2018-02-24T17:05:07","slug":"ubezpieczenie-zdrowia-i-zycia","status":"publish","type":"page","link":"https:\/\/nawszelkiwypadek.eu\/?page_id=67","title":{"rendered":"Ubezpieczenie zdrowia i \u017cycia"},"content":{"rendered":"<p><img decoding=\"async\" loading=\"lazy\" class=\"alignnone size-medium wp-image-398 aligncenter\" src=\"http:\/\/nawszelkiwypadek.eu\/wp-content\/uploads\/2018\/02\/pexels-photo-103123-300x180.jpeg\" alt=\"\" width=\"300\" height=\"180\" srcset=\"https:\/\/nawszelkiwypadek.eu\/wp-content\/uploads\/2018\/02\/pexels-photo-103123-300x180.jpeg 300w, https:\/\/nawszelkiwypadek.eu\/wp-content\/uploads\/2018\/02\/pexels-photo-103123-768x460.jpeg 768w, https:\/\/nawszelkiwypadek.eu\/wp-content\/uploads\/2018\/02\/pexels-photo-103123-1024x614.jpeg 1024w, https:\/\/nawszelkiwypadek.eu\/wp-content\/uploads\/2018\/02\/pexels-photo-103123.jpeg 1140w\" sizes=\"(max-width: 300px) 100vw, 300px\" \/><\/p>\n<p>Wszyscy znamy powiedzenie: &#8222;M\u0105dry Polak po szkodzie&#8221;. Dlatego wa\u017cnym jest aby zabezpieczy\u0107\u00a0 finansowo siebie i swoich najbli\u017cszych na wypadek nieprzewidzianych zdarze\u0144 losowych.<\/p>\n<p>Skr\u0119cenie stawu, z\u0142amanie ko\u015bci czy nag\u0142a ci\u0119\u017cka choroba &#8211; pomy\u015bl o sobie.<\/p>\n<p>A je\u015bli ciebie zabraknie? &#8211; pomy\u015bl o bliskich.<\/p>\n<h4><strong>Ju\u017c teraz zadbaj o siebie i swoich bliskich.\u00a0 \u00a0 \u00a0 \u00a0 \u00a0 \u00a0 \u00a0 \u00a0 \u00a0 \u00a0 \u00a0 \u00a0 \u00a0 \u00a0 \u00a0 Um\u00f3wmy si\u0119 na spotkanie &#8211;\u00a0732 510 997.<\/strong><\/h4>\n","protected":false},"excerpt":{"rendered":"<p>Wszyscy znamy powiedzenie: &#8222;M\u0105dry Polak po szkodzie&#8221;. Dlatego wa\u017cnym jest aby zabezpieczy\u0107\u00a0 finansowo siebie i swoich najbli\u017cszych na wypadek nieprzewidzianych zdarze\u0144 losowych. Skr\u0119cenie stawu, z\u0142amanie ko\u015bci czy nag\u0142a ci\u0119\u017cka choroba &#8211; pomy\u015bl o sobie. A je\u015bli ciebie zabraknie? &#8211; pomy\u015bl o bliskich. Ju\u017c teraz zadbaj o siebie i swoich bliskich.\u00a0 \u00a0 \u00a0 \u00a0 \u00a0 \u00a0 [&hellip;]<\/p>\n","protected":false},"author":1,"featured_media":0,"parent":0,"menu_order":0,"comment_status":"closed","ping_status":"closed","template":"","meta":[],"_links":{"self":[{"href":"https:\/\/nawszelkiwypadek.eu\/index.php?rest_route=\/wp\/v2\/pages\/67"}],"collection":[{"href":"https:\/\/nawszelkiwypadek.eu\/index.php?rest_route=\/wp\/v2\/pages"}],"about":[{"href":"https:\/\/nawszelkiwypadek.eu\/index.php?rest_route=\/wp\/v2\/types\/page"}],"author":[{"embeddable":true,"href":"https:\/\/nawszelkiwypadek.eu\/index.php?rest_route=\/wp\/v2\/users\/1"}],"replies":[{"embeddable":true,"href":"https:\/\/nawszelkiwypadek.eu\/index.php?rest_route=%2Fwp%2Fv2%2Fcomments&post=67"}],"version-history":[{"count":5,"href":"https:\/\/nawszelkiwypadek.eu\/index.php?rest_route=\/wp\/v2\/pages\/67\/revisions"}],"predecessor-version":[{"id":405,"href":"https:\/\/nawszelkiwypadek.eu\/index.php?rest_route=\/wp\/v2\/pages\/67\/revisions\/405"}],"wp:attachment":[{"href":"https:\/\/nawszelkiwypadek.eu\/index.php?rest_route=%2Fwp%2Fv2%2Fmedia&parent=67"}],"curies":[{"name":"wp","href":"https:\/\/api.w.org\/{rel}","templated":true}]}}