{"id":82,"date":"2017-07-27T19:23:09","date_gmt":"2017-07-27T19:23:09","guid":{"rendered":"http:\/\/nawszelkiwypadek.eu\/?page_id=82"},"modified":"2018-01-03T17:38:19","modified_gmt":"2018-01-03T17:38:19","slug":"wypadek-w-pracy-potkniecie-i-inne","status":"publish","type":"page","link":"https:\/\/nawszelkiwypadek.eu\/?page_id=82","title":{"rendered":"Wypadek w pracy, potkni\u0119cie i inne"},"content":{"rendered":"<p><img decoding=\"async\" loading=\"lazy\" class=\"alignnone size-medium wp-image-297\" src=\"http:\/\/nawszelkiwypadek.eu\/wp-content\/uploads\/2017\/11\/accident-994009_1280-300x225.jpg\" alt=\"\" width=\"300\" height=\"225\" srcset=\"https:\/\/nawszelkiwypadek.eu\/wp-content\/uploads\/2017\/11\/accident-994009_1280-300x225.jpg 300w, https:\/\/nawszelkiwypadek.eu\/wp-content\/uploads\/2017\/11\/accident-994009_1280-768x576.jpg 768w, https:\/\/nawszelkiwypadek.eu\/wp-content\/uploads\/2017\/11\/accident-994009_1280-1024x768.jpg 1024w, https:\/\/nawszelkiwypadek.eu\/wp-content\/uploads\/2017\/11\/accident-994009_1280.jpg 1280w\" sizes=\"(max-width: 300px) 100vw, 300px\" \/> <img decoding=\"async\" loading=\"lazy\" class=\"alignnone size-medium wp-image-298\" src=\"http:\/\/nawszelkiwypadek.eu\/wp-content\/uploads\/2017\/11\/hospital-2493366_1280-300x225.jpg\" alt=\"\" width=\"300\" height=\"225\" srcset=\"https:\/\/nawszelkiwypadek.eu\/wp-content\/uploads\/2017\/11\/hospital-2493366_1280-300x225.jpg 300w, https:\/\/nawszelkiwypadek.eu\/wp-content\/uploads\/2017\/11\/hospital-2493366_1280-768x576.jpg 768w, https:\/\/nawszelkiwypadek.eu\/wp-content\/uploads\/2017\/11\/hospital-2493366_1280-1024x768.jpg 1024w, https:\/\/nawszelkiwypadek.eu\/wp-content\/uploads\/2017\/11\/hospital-2493366_1280.jpg 1280w\" sizes=\"(max-width: 300px) 100vw, 300px\" \/> <img decoding=\"async\" loading=\"lazy\" class=\"alignnone size-medium wp-image-299\" src=\"http:\/\/nawszelkiwypadek.eu\/wp-content\/uploads\/2017\/11\/laundry-413688_1280-300x200.jpg\" alt=\"\" width=\"300\" height=\"200\" srcset=\"https:\/\/nawszelkiwypadek.eu\/wp-content\/uploads\/2017\/11\/laundry-413688_1280-300x200.jpg 300w, https:\/\/nawszelkiwypadek.eu\/wp-content\/uploads\/2017\/11\/laundry-413688_1280-768x512.jpg 768w, https:\/\/nawszelkiwypadek.eu\/wp-content\/uploads\/2017\/11\/laundry-413688_1280-1024x682.jpg 1024w, https:\/\/nawszelkiwypadek.eu\/wp-content\/uploads\/2017\/11\/laundry-413688_1280.jpg 1280w\" sizes=\"(max-width: 300px) 100vw, 300px\" \/><img decoding=\"async\" loading=\"lazy\" class=\"alignnone size-medium wp-image-300\" src=\"http:\/\/nawszelkiwypadek.eu\/wp-content\/uploads\/2017\/11\/potkni\u0119cie-300x200.jpg\" alt=\"\" width=\"300\" height=\"200\" srcset=\"https:\/\/nawszelkiwypadek.eu\/wp-content\/uploads\/2017\/11\/potkni\u0119cie-300x200.jpg 300w, https:\/\/nawszelkiwypadek.eu\/wp-content\/uploads\/2017\/11\/potkni\u0119cie.jpg 400w\" sizes=\"(max-width: 300px) 100vw, 300px\" \/><\/p>\n<p>Pomagamy osobom, kt\u00f3re ucierpia\u0142y w wyniku:<\/p>\n<ul>\n<li>wypadku w pracy<\/li>\n<li>wypadku na roli<\/li>\n<li>potkni\u0119cia czy po\u015blizgni\u0119cia o ile nast\u0105pi\u0142o ono z czyjej\u015b winy lub niedopatrzenia<\/li>\n<li>b\u0142\u0119du medycznego<\/li>\n<\/ul>\n<h4 style=\"text-align: center;\">Aby uzyska\u0107 porad\u0119 wystarczy zadzwoni\u0107 lub wys\u0142a\u0107 sms o tre\u015bci &#8222;pomoc&#8221; na numer 509 510 998.<\/h4>\n","protected":false},"excerpt":{"rendered":"<p>Pomagamy osobom, kt\u00f3re ucierpia\u0142y w wyniku: wypadku w pracy wypadku na roli potkni\u0119cia czy po\u015blizgni\u0119cia o ile nast\u0105pi\u0142o ono z czyjej\u015b winy lub niedopatrzenia b\u0142\u0119du medycznego Aby uzyska\u0107 porad\u0119 wystarczy zadzwoni\u0107 lub wys\u0142a\u0107 sms o tre\u015bci &#8222;pomoc&#8221; na numer 509 510 998.<\/p>\n","protected":false},"author":1,"featured_media":0,"parent":0,"menu_order":0,"comment_status":"closed","ping_status":"closed","template":"","meta":[],"_links":{"self":[{"href":"https:\/\/nawszelkiwypadek.eu\/index.php?rest_route=\/wp\/v2\/pages\/82"}],"collection":[{"href":"https:\/\/nawszelkiwypadek.eu\/index.php?rest_route=\/wp\/v2\/pages"}],"about":[{"href":"https:\/\/nawszelkiwypadek.eu\/index.php?rest_route=\/wp\/v2\/types\/page"}],"author":[{"embeddable":true,"href":"https:\/\/nawszelkiwypadek.eu\/index.php?rest_route=\/wp\/v2\/users\/1"}],"replies":[{"embeddable":true,"href":"https:\/\/nawszelkiwypadek.eu\/index.php?rest_route=%2Fwp%2Fv2%2Fcomments&post=82"}],"version-history":[{"count":7,"href":"https:\/\/nawszelkiwypadek.eu\/index.php?rest_route=\/wp\/v2\/pages\/82\/revisions"}],"predecessor-version":[{"id":358,"href":"https:\/\/nawszelkiwypadek.eu\/index.php?rest_route=\/wp\/v2\/pages\/82\/revisions\/358"}],"wp:attachment":[{"href":"https:\/\/nawszelkiwypadek.eu\/index.php?rest_route=%2Fwp%2Fv2%2Fmedia&parent=82"}],"curies":[{"name":"wp","href":"https:\/\/api.w.org\/{rel}","templated":true}]}}