{"id":90,"date":"2017-11-20T13:10:29","date_gmt":"2017-11-20T13:10:29","guid":{"rendered":"http:\/\/nawszelkiwypadek.eu\/?page_id=90"},"modified":"2018-02-24T18:27:36","modified_gmt":"2018-02-24T18:27:36","slug":"ubezpieczenia-2","status":"publish","type":"page","link":"https:\/\/nawszelkiwypadek.eu\/?page_id=90","title":{"rendered":"Ubezpieczenia"},"content":{"rendered":"<p>Wi\u0119kszo\u015bci z nas ubezpieczenie kojarzy si\u0119 z <a href=\"http:\/\/nawszelkiwypadek.eu\/?page_id=71\" target=\"_blank\" rel=\"noopener\">OC pojazdu<\/a> &#8211; bo jest obowi\u0105zkowe ale ju\u017c AC? A temat ubezpiecze\u0144 jest znacznie szerszy. Niestety \u015bwiadomo\u015b\u0107 w tej materii przeci\u0119tnego Kowalskiego jest bardzo niska. Co\u015b tam wiemy, \u017ce dobrze jest ubezpieczy\u0107 <a href=\"http:\/\/nawszelkiwypadek.eu\/?page_id=75\" target=\"_blank\" rel=\"noopener\">mieszkanie, dom<\/a> ale siebie? Po co? A je\u015bli ju\u017c to mo\u017ce na <a href=\"http:\/\/nawszelkiwypadek.eu\/?page_id=67\" target=\"_blank\" rel=\"noopener\">wypadek \u015bmierci<\/a>, \u017ceby bliskich zabezpieczy\u0107&#8230;czy co\u015b. Ale jakie\u015b <a href=\"http:\/\/nawszelkiwypadek.eu\/?page_id=125\" target=\"_blank\" rel=\"noopener\">inwestycje<\/a>? Odk\u0142adanie na emerytur\u0119, <a href=\"http:\/\/nawszelkiwypadek.eu\/?page_id=2\" target=\"_blank\" rel=\"noopener\">ubezpieczenie indywidualne<\/a>? Przecie\u017c jest ZUS. Taaa&#8230;.no ale tak my\u015blimy, prawda? A o <a href=\"http:\/\/nawszelkiwypadek.eu\/?page_id=93\" target=\"_blank\" rel=\"noopener\">OC w \u017cyciu prywatnym<\/a> nawet nie s\u0142ysza\u0142em \ud83d\ude42<\/p>\n<p>A mo\u017ce jednak warto spotka\u0107 si\u0119 ze specjalist\u0105 w tej dziedzinie i pos\u0142ucha\u0107 jak to jest naprawd\u0119, a nie jak m\u00f3wi pani Jadzia z kadr czy Witek z warsztatu? Ot, tak &#8211; na wszelki wypadek \ud83d\ude42<\/p>\n<p>Nie zwlekaj, czas dzia\u0142a na twoj\u0105 niekorzy\u015b\u0107. To nic nie kosztuje a mo\u017ce rozwi\u0105za\u0107 wiele problem\u00f3w.<\/p>\n<h4>Aby uzyska\u0107 porad\u0119 wystarczy zadzwoni\u0107 lub wys\u0142a\u0107 sms o tre\u015bci \u201epolisa\u201d na numer 732 510 997.<\/h4>\n<p>&nbsp;<\/p>\n","protected":false},"excerpt":{"rendered":"<p>Wi\u0119kszo\u015bci z nas ubezpieczenie kojarzy si\u0119 z OC pojazdu &#8211; bo jest obowi\u0105zkowe ale ju\u017c AC? A temat ubezpiecze\u0144 jest znacznie szerszy. Niestety \u015bwiadomo\u015b\u0107 w tej materii przeci\u0119tnego Kowalskiego jest bardzo niska. Co\u015b tam wiemy, \u017ce dobrze jest ubezpieczy\u0107 mieszkanie, dom ale siebie? Po co? A je\u015bli ju\u017c to mo\u017ce na wypadek \u015bmierci, \u017ceby bliskich [&hellip;]<\/p>\n","protected":false},"author":1,"featured_media":0,"parent":0,"menu_order":0,"comment_status":"closed","ping_status":"closed","template":"","meta":[],"_links":{"self":[{"href":"https:\/\/nawszelkiwypadek.eu\/index.php?rest_route=\/wp\/v2\/pages\/90"}],"collection":[{"href":"https:\/\/nawszelkiwypadek.eu\/index.php?rest_route=\/wp\/v2\/pages"}],"about":[{"href":"https:\/\/nawszelkiwypadek.eu\/index.php?rest_route=\/wp\/v2\/types\/page"}],"author":[{"embeddable":true,"href":"https:\/\/nawszelkiwypadek.eu\/index.php?rest_route=\/wp\/v2\/users\/1"}],"replies":[{"embeddable":true,"href":"https:\/\/nawszelkiwypadek.eu\/index.php?rest_route=%2Fwp%2Fv2%2Fcomments&post=90"}],"version-history":[{"count":12,"href":"https:\/\/nawszelkiwypadek.eu\/index.php?rest_route=\/wp\/v2\/pages\/90\/revisions"}],"predecessor-version":[{"id":434,"href":"https:\/\/nawszelkiwypadek.eu\/index.php?rest_route=\/wp\/v2\/pages\/90\/revisions\/434"}],"wp:attachment":[{"href":"https:\/\/nawszelkiwypadek.eu\/index.php?rest_route=%2Fwp%2Fv2%2Fmedia&parent=90"}],"curies":[{"name":"wp","href":"https:\/\/api.w.org\/{rel}","templated":true}]}}