{"id":93,"date":"2017-11-20T13:12:54","date_gmt":"2017-11-20T13:12:54","guid":{"rendered":"http:\/\/nawszelkiwypadek.eu\/?page_id=93"},"modified":"2018-02-24T18:25:00","modified_gmt":"2018-02-24T18:25:00","slug":"oc-w-zyciu-prywatnym","status":"publish","type":"page","link":"https:\/\/nawszelkiwypadek.eu\/?page_id=93","title":{"rendered":"OC w \u017cyciu prywatnym"},"content":{"rendered":"<p><img decoding=\"async\" loading=\"lazy\" class=\"alignnone size-medium wp-image-431 aligncenter\" src=\"http:\/\/nawszelkiwypadek.eu\/wp-content\/uploads\/2018\/02\/pexels-photo-592600-1-300x200.jpeg\" alt=\"\" width=\"300\" height=\"200\" srcset=\"https:\/\/nawszelkiwypadek.eu\/wp-content\/uploads\/2018\/02\/pexels-photo-592600-1-300x200.jpeg 300w, https:\/\/nawszelkiwypadek.eu\/wp-content\/uploads\/2018\/02\/pexels-photo-592600-1-768x512.jpeg 768w, https:\/\/nawszelkiwypadek.eu\/wp-content\/uploads\/2018\/02\/pexels-photo-592600-1-1024x683.jpeg 1024w, https:\/\/nawszelkiwypadek.eu\/wp-content\/uploads\/2018\/02\/pexels-photo-592600-1.jpeg 1260w\" sizes=\"(max-width: 300px) 100vw, 300px\" \/><\/p>\n<p>W jakim celu wykupujemy OC pojazdu ka\u017cdy wie. Ale co w sytuacji gdy twoje dziecko wybije komu\u015b szyb\u0119? Porysuje rowerkiem auto? A je\u015bli niechc\u0105cy st\u0142uczesz w sklepie drog\u0105 whisky albo \u017cona jakie\u015b przesadnie drogie perfumy? Lub co gorsza kto\u015b na twojej posesji z\u0142amie nog\u0119 &#8211; bo chodnik nier\u00f3wny, bo by\u0142o \u015blisko, bo jaka\u015b niewiadomosk\u0105dwzi\u0119ta dziura? Wszystko mo\u017ce si\u0119 zdarzy\u0107. Nie wszystko mo\u017cesz przewidzie\u0107.<\/p>\n<h4><strong>Spotkajmy si\u0119 i co\u015b zaradzimy \u2013\u00a0732 510 997.<\/strong><\/h4>\n<p>&nbsp;<\/p>\n","protected":false},"excerpt":{"rendered":"<p>W jakim celu wykupujemy OC pojazdu ka\u017cdy wie. Ale co w sytuacji gdy twoje dziecko wybije komu\u015b szyb\u0119? Porysuje rowerkiem auto? A je\u015bli niechc\u0105cy st\u0142uczesz w sklepie drog\u0105 whisky albo \u017cona jakie\u015b przesadnie drogie perfumy? Lub co gorsza kto\u015b na twojej posesji z\u0142amie nog\u0119 &#8211; bo chodnik nier\u00f3wny, bo by\u0142o \u015blisko, bo jaka\u015b niewiadomosk\u0105dwzi\u0119ta dziura? [&hellip;]<\/p>\n","protected":false},"author":1,"featured_media":0,"parent":0,"menu_order":0,"comment_status":"closed","ping_status":"closed","template":"","meta":[],"_links":{"self":[{"href":"https:\/\/nawszelkiwypadek.eu\/index.php?rest_route=\/wp\/v2\/pages\/93"}],"collection":[{"href":"https:\/\/nawszelkiwypadek.eu\/index.php?rest_route=\/wp\/v2\/pages"}],"about":[{"href":"https:\/\/nawszelkiwypadek.eu\/index.php?rest_route=\/wp\/v2\/types\/page"}],"author":[{"embeddable":true,"href":"https:\/\/nawszelkiwypadek.eu\/index.php?rest_route=\/wp\/v2\/users\/1"}],"replies":[{"embeddable":true,"href":"https:\/\/nawszelkiwypadek.eu\/index.php?rest_route=%2Fwp%2Fv2%2Fcomments&post=93"}],"version-history":[{"count":3,"href":"https:\/\/nawszelkiwypadek.eu\/index.php?rest_route=\/wp\/v2\/pages\/93\/revisions"}],"predecessor-version":[{"id":433,"href":"https:\/\/nawszelkiwypadek.eu\/index.php?rest_route=\/wp\/v2\/pages\/93\/revisions\/433"}],"wp:attachment":[{"href":"https:\/\/nawszelkiwypadek.eu\/index.php?rest_route=%2Fwp%2Fv2%2Fmedia&parent=93"}],"curies":[{"name":"wp","href":"https:\/\/api.w.org\/{rel}","templated":true}]}}